{"id":38,"date":"2022-01-06T18:36:27","date_gmt":"2022-01-06T17:36:27","guid":{"rendered":"https:\/\/www.midnightstorm.de\/?page_id=38"},"modified":"2022-02-21T11:56:55","modified_gmt":"2022-02-21T10:56:55","slug":"cookies","status":"publish","type":"page","link":"https:\/\/www.k-rock.de\/en\/cookies\/","title":{"rendered":"Cookies"},"content":{"rendered":"<div data-elementor-type=\"wp-page\" data-elementor-id=\"38\" class=\"elementor elementor-38\" data-elementor-post-type=\"page\">\n\t\t\t\t\t\t<section class=\"elementor-section elementor-top-section elementor-element elementor-element-d857b5f elementor-section-boxed elementor-section-height-default elementor-section-height-default\" data-id=\"d857b5f\" data-element_type=\"section\" data-e-type=\"section\">\n\t\t\t\t\t\t<div class=\"elementor-container elementor-column-gap-default\">\n\t\t\t\t\t<div class=\"elementor-column elementor-col-100 elementor-top-column elementor-element elementor-element-e71428f\" data-id=\"e71428f\" data-element_type=\"column\" data-e-type=\"column\">\n\t\t\t<div class=\"elementor-widget-wrap elementor-element-populated\">\n\t\t\t\t\t\t<div class=\"elementor-element elementor-element-1cf09cd elementor-widget elementor-widget-spacer\" data-id=\"1cf09cd\" data-element_type=\"widget\" data-e-type=\"widget\" data-widget_type=\"spacer.default\">\n\t\t\t\t<div class=\"elementor-widget-container\">\n\t\t\t\t\t\t\t<div class=\"elementor-spacer\">\n\t\t\t<div class=\"elementor-spacer-inner\"><\/div>\n\t\t<\/div>\n\t\t\t\t\t\t<\/div>\n\t\t\t\t<\/div>\n\t\t\t\t<div class=\"elementor-element elementor-element-680fd97 elementor-widget elementor-widget-heading\" data-id=\"680fd97\" data-element_type=\"widget\" data-e-type=\"widget\" data-widget_type=\"heading.default\">\n\t\t\t\t<div class=\"elementor-widget-container\">\n\t\t\t\t\t<h1 class=\"elementor-heading-title elementor-size-default\">Cookie Policy<\/h1>\t\t\t\t<\/div>\n\t\t\t\t<\/div>\n\t\t\t\t<div class=\"elementor-element elementor-element-aa5d5c1 elementor-widget elementor-widget-text-editor\" data-id=\"aa5d5c1\" data-element_type=\"widget\" data-e-type=\"widget\" data-widget_type=\"text-editor.default\">\n\t\t\t\t<div class=\"elementor-widget-container\">\n\t\t\t\t\t\t\t\t\t<p>This Cookie Policy applies to residents of the European Economic Zone.<br \/><br \/><br \/><\/p><h4>1. Introduction<\/h4><p>Our Website <a href=\"https:\/\/www.k-rock.de\/en\/\" target=\"_blank\" rel=\"noopener\"><span style=\"color: #a10101;\">https:\/\/www.k-rock.de<\/span><\/a> (hereinafter: \"The Website\") uses cookies and similar technologies (for the sake of simplicity, all these are grouped together under \"Cookies\"). Cookies are also placed by third parties commissioned by us. Below we inform you about the use of cookies on our website.<br \/><br \/><br \/><\/p><h4>2. What are Cookies?<\/h4><p>A cookie is a simple small file that can be sent with the pages of a web address and stored by the web browser on a PC or other device. The information stored therein may be sent to our servers or the servers of relevant third party providers during subsequent visits.<br \/><br \/><br \/><\/p><h4>3. What are scripts?<\/h4><p>Ein Skript ist ein Teil des Programmcodes, mit dem unsere Website ordnungsgem\u00e4\u00df und interaktiv funktioniert. Dieser Code wird auf unserem Server oder auf deinem Ger\u00e4t ausgef\u00fchrt.<br \/><br \/><br \/><\/p><h4>4. What is a Web Beacon?<\/h4><p>A web beacon (also called a pixel tag) is a small invisible piece of text or image on a website that is used to monitor website traffic. To make this possible, various data from you are stored using web beacons.<br \/><br \/><br \/><\/p><h4>5. Cookies<\/h4><h4>5.1 Technical or functional cookies<\/h4><p>Some cookies ensure that parts of our website work properly and that your user preferences are remembered. By placing functional cookies we make it easier for you to visit our website. This way you don't have to repeatedly enter the same information when visiting our website or your items remain in your shopping cart until you check out, for example. We may place these cookies without your consent.<br \/><br \/><br \/><\/p><h4>5.2 Analytics Cookies<\/h4><p>We use analytical cookies to optimize the website experience for our users. With these analytical cookies we get insights into the use of our website. We ask for your permission to set analytical cookies.<br \/><br \/><br \/><\/p><h4>5.3 Advertising Cookies<\/h4><p>On this website we use advertising cookies that allow us to gain insights into the results of the campaign. This is done based on a profile that we create based on your behavior <a href=\"https:\/\/www.k-rock.de\/en\/\" target=\"_blank\" rel=\"noopener\"><span style=\"color: #a10101;\"><span style=\"color: #a10101;\">https:\/\/www.k-rock.de<\/span><\/span><\/a> create. With these cookies, you as a website visitor are linked to a unique ID, but cannot profile your behavior and interests for the purpose of serving personalized ads.<br \/><br \/><br \/><\/p><h4>5.4 Marketing- \/ Tracking-Cookies<\/h4><p>Marketing- \/ Tracking-Cookies sind Cookies oder eine andere Form der lokalen Speicherung, die zur Erstellung von Benutzerprofilen verwendet werden, um Werbung anzuzeigen oder den Benutzer auf dieser Website oder \u00fcber mehrere Websites hinweg f\u00fcr \u00e4hnliche Marketingzwecke zu verfolgen.<\/p><p>Da diese Cookies als Verfolgungs-Cookie markiert sind, ben\u00f6tigen wir Ihre Zustimmung, um diese zu platzieren.<br \/><br \/><br \/><\/p><h4>5.5 Social-Media-Buttons<\/h4><p>Auf unserer Website haben wir Buttons f\u00fcr Facebook eingef\u00fcgt, um Webseiten (z. B. \u201eGef\u00e4llt mir\u201d, \u201eAnheften\u201d) oder Teilen (z. B. \u201eTweet\u201d) in sozialen Netzwerken wie Facebook zu unterst\u00fctzen. Diese Buttons verwenden einen Code, der von Facebook selbst stammt. Dieser Code platziert Cookies. Diese Social-Media-Buttons k\u00f6nnen auch bestimmte Informationen speichern und verarbeiten, sodass Ihnen eine personalisierte Werbung angezeigt werden kann.<\/p><p>Bitte lesen Sie die Datenschutzerkl\u00e4rung dieser sozialen Netzwerke (die sich regelm\u00e4\u00dfig \u00e4ndern kann), um zu erfahren, wie sie mit Ihren (pers\u00f6nlichen) Daten umgehen, die sie mithilfe dieser Cookies verarbeiten. Die abgerufenen Daten werden so weit wie m\u00f6glich anonymisiert. Facebook befindet sich in den Vereinigten Staaten.<br \/><br \/><br \/><\/p><h4>6. Consent<\/h4><p>When you visit our website for the first time, we will show you a pop-up with an explanation about cookies. As soon as you click on \"Save settings\", you give us your consent to use all the categories of cookies and plugins you have selected as described in this cookie statement. You can disable the use of cookies via your browser, but please note that our website may not then function properly.<br \/><br \/><br \/><\/p><h4>7. Your rights in relation to personal data<\/h4><p>Sie haben in Bezug auf Ihre pers\u00f6nlichen Daten die folgenden Rechte:<\/p><p>Sie haben das Recht zu wissen, warum Ihre pers\u00f6nlichen Daten gebraucht werden, was mit ihnen passiert und wie lange diese verwahrt werden.<\/p><p>Zugriffsrecht: Sie haben das Recht Ihre uns bekannten pers\u00f6nlichen Daten einzusehen.<\/p><p>Recht auf Berichtigung: Sie haben das Recht wann immer Sie w\u00fcnschen, Ihre pers\u00f6nlichen Daten zu erg\u00e4nzen, zu korrigieren sowie gel\u00f6scht oder blockiert zu bekommen.<\/p><p>Wenn Sie uns Ihr Einverst\u00e4ndnis zur Verarbeitung Ihrer Daten gegeben haben, haben Sie das Recht dieses Einverst\u00e4ndnis zu widerrufen und Ihre pers\u00f6nlichen Daten l\u00f6schen zu lassen.<\/p><p>Recht auf Datentransfer Ihrer Daten: Sie haben das Recht, alle Ihre pers\u00f6nlichen Daten von einem Kontrolleur anzufordern und in ihrer Gesamtheit zu einem anderen Kontrolleur zu transferieren.<\/p><p>Widerspruchsrecht: Sie k\u00f6nnen der Verarbeitung Ihrer Daten widersprechen. Wir entsprechen dem, es sei denn es gibt berechtigte Gr\u00fcnde f\u00fcr die Verarbeitung.<\/p><p>Um diese Rechte auszu\u00fcben kontaktieren Sie uns bitte. Bitte beziehen Sie sich auf die Kontaktdaten am Ende dieser Cookie-Richtlinie. Wenn Sie eine Beschwerde dar\u00fcber haben, wie wir Ihre Daten behandeln, w\u00fcrden wir diese gerne h\u00f6ren, aber Sie haben auch das Recht diese an die Aufsichtsbeh\u00f6rde (der Datenschutzbeh\u00f6rde) zu richten.<br \/><br \/><br \/><\/p><h4>8. Activation\/deactivation and deletion of cookies<\/h4><p>Sie k\u00f6nnen Ihren Internetbrowser verwenden, um Cookies automatisch oder manuell zu l\u00f6schen. Sie k\u00f6nnen auch festlegen, dass bestimmte Cookies m\u00f6glicherweise nicht platziert werden. Eine weitere M\u00f6glichkeit besteht darin, die Einstellungen Ihres Internetbrowsers so zu \u00e4ndern, dass Sie jedes Mal eine Nachricht erhalten, wenn ein Cookie gesetzt wird. Weitere Informationen zu diesen Optionen finden Sie in den Anweisungen im Hilfebereich Ihres Browsers.<\/p><p>Bitte nehmen Sie zur Kenntnis, dass unsere Website m\u00f6glicherweise nicht richtig funktioniert, wenn alle Cookies deaktiviert sind. Wenn Sie die Cookies in Ihrem Browser l\u00f6schen, werden diese neu platziert, wenn Sie unsere Website erneut besuchen.<br \/><br \/><br \/><\/p><h4>9. Contact Data<\/h4><p>For questions and\/or comments about our cookie policy and this statement, please contact us using the following details:<br \/><br \/>Midnightstorm | Heiko Kipper<br \/>Am langen Strich 2<br \/>63683 Ortenberg<br \/>Deutschland<br \/><br \/>Website: <a href=\"https:\/\/www.k-rock.de\/en\/\" target=\"_blank\" rel=\"noopener\"><span style=\"color: #a10101;\">https:\/\/www.k-rock.de<\/span><\/a><br \/>E-Mail: <a href=\"mailto:info@k-rock.de\" target=\"_blank\" rel=\"noopener\"><span style=\"color: #a10101;\">info@k-rock.de<\/span><\/a><br \/>Phone: +49 175 2790177<\/p>\t\t\t\t\t\t\t\t<\/div>\n\t\t\t\t<\/div>\n\t\t\t\t<div class=\"elementor-element elementor-element-85afac4 elementor-widget elementor-widget-spacer\" data-id=\"85afac4\" data-element_type=\"widget\" data-e-type=\"widget\" data-widget_type=\"spacer.default\">\n\t\t\t\t<div class=\"elementor-widget-container\">\n\t\t\t\t\t\t\t<div class=\"elementor-spacer\">\n\t\t\t<div class=\"elementor-spacer-inner\"><\/div>\n\t\t<\/div>\n\t\t\t\t\t\t<\/div>\n\t\t\t\t<\/div>\n\t\t\t\t\t<\/div>\n\t\t<\/div>\n\t\t\t\t\t<\/div>\n\t\t<\/section>\n\t\t\t\t<\/div>","protected":false},"excerpt":{"rendered":"<p>Cookie Richtlinie Diese Cookie-Richtlinie gilt f\u00fcr B\u00fcrger der Europ\u00e4ischen Wirtschaftszone. 1. Einf\u00fchrung Unsere Website, https:\/\/www.k-rock.de (im folgenden: &#8222;Die Website&#8220;) verwendet Cookies und \u00e4hnliche Technologien (der Einfachheit halber werden all diese unter &#8222;Cookies&#8220; zusammengefasst). Cookies werden au\u00dferdem von uns beauftragten Drittparteien platziert. Nachfolgend informieren wir Sie \u00fcber die Verwendung von Cookies auf unserer Website. 2. Was [&hellip;]<\/p>\n","protected":false},"author":2,"featured_media":0,"parent":0,"menu_order":0,"comment_status":"closed","ping_status":"closed","template":"elementor_header_footer","meta":{"footnotes":""},"class_list":["post-38","page","type-page","status-publish","hentry"],"_links":{"self":[{"href":"https:\/\/www.k-rock.de\/en\/wp-json\/wp\/v2\/pages\/38","targetHints":{"allow":["GET"]}}],"collection":[{"href":"https:\/\/www.k-rock.de\/en\/wp-json\/wp\/v2\/pages"}],"about":[{"href":"https:\/\/www.k-rock.de\/en\/wp-json\/wp\/v2\/types\/page"}],"author":[{"embeddable":true,"href":"https:\/\/www.k-rock.de\/en\/wp-json\/wp\/v2\/users\/2"}],"replies":[{"embeddable":true,"href":"https:\/\/www.k-rock.de\/en\/wp-json\/wp\/v2\/comments?post=38"}],"version-history":[{"count":31,"href":"https:\/\/www.k-rock.de\/en\/wp-json\/wp\/v2\/pages\/38\/revisions"}],"predecessor-version":[{"id":1124,"href":"https:\/\/www.k-rock.de\/en\/wp-json\/wp\/v2\/pages\/38\/revisions\/1124"}],"wp:attachment":[{"href":"https:\/\/www.k-rock.de\/en\/wp-json\/wp\/v2\/media?parent=38"}],"curies":[{"name":"wp","href":"https:\/\/api.w.org\/{rel}","templated":true}]}}